{"id":2,"date":"2023-09-28T18:18:38","date_gmt":"2023-09-28T21:18:38","guid":{"rendered":"http:\/\/olhar.me\/?page_id=2"},"modified":"2023-09-29T10:18:16","modified_gmt":"2023-09-29T13:18:16","slug":"pagina-exemplo","status":"publish","type":"page","link":"https:\/\/olhar.me\/index.php\/pagina-exemplo\/","title":{"rendered":"Olhar n\u00e3o se reduz ao nervo \u00f3tico"},"content":{"rendered":"\n<p>Ah o olhar&#8230; o que seria este olhar ? o olhar seria usar os olhos e o nervo \u00f3tico para poder &#8220;perceber&#8221; algo ?<br>N\u00e3o, o olhar \u00e9 como somos afetados, o olhar n\u00e3o \u00e9 a exclusividade de quem &#8220;enxerga&#8221;, reduzir nosso olhar ao que nossos olhos s\u00e3o capazes de fazer, \u00e9 reduzir nossa capacidade de ser tocado pelo meio onde estamos inseridos. O olhar \u00e9 algo mais profundo que um elemento fisiol\u00f3gico de um individuo de carbono. podemos traduzir o &#8220;olhar&#8221; como um afeto poss\u00edvel dentre v\u00e1rios que usam nossas sensa\u00e7\u00f5es, causadas pelo contato com a malfadada &#8220;realidade&#8221;<\/p>\n\n\n\n<blockquote class=\"wp-block-quote is-layout-flow wp-block-quote-is-layout-flow\">\n<p>Olhar aqui nesse cantinho, t\u00e3o somente seria se afetar, perceber, olhar significa o processo que usamos, n\u00e3o para evoluir, mas para simplesmente comunicar a n\u00f3s sobre o mundo e comunicar a todos como isso nos &#8220;chega&#8221;. Olhar \u00e9 um convite a se expor, um convite a se afetar<\/p>\n<\/blockquote>\n\n\n\n<p>Aqui vamos usar os afetos como sendo algo n\u00e3o meramente fisiol\u00f3gico, algo n\u00e3o meramente reduzido a seus aspectos f\u00edsicos. os afetos usam algo n\u00e3o tang\u00edvel, explic\u00e1vel at\u00e9, por\u00e9m n\u00e3o mensur\u00e1vel, portanto vamos sempre usar isso como sendo uma das dimens\u00f5es do ser, a personalidade, a persona, o que ou quem (o sujeito) de tais afetos, \u00e9 ele um personagem ativo de  tais afetos.<\/p>\n","protected":false},"excerpt":{"rendered":"<p>Ah o olhar&#8230; o que seria este olhar ? o olhar seria usar os olhos e o nervo \u00f3tico para poder &#8220;perceber&#8221; algo ?N\u00e3o, o olhar \u00e9 como somos afetados, o olhar n\u00e3o \u00e9 a exclusividade de quem &#8220;enxerga&#8221;, reduzir nosso olhar ao que nossos olhos s\u00e3o capazes de fazer, \u00e9 reduzir nossa capacidade de [&hellip;]<\/p>\n","protected":false},"author":1,"featured_media":0,"parent":0,"menu_order":0,"comment_status":"closed","ping_status":"open","template":"","meta":{"om_disable_all_campaigns":false,"_monsterinsights_skip_tracking":false,"_monsterinsights_sitenote_active":false,"_monsterinsights_sitenote_note":"","_monsterinsights_sitenote_category":0,"site-container-style":"default","site-container-layout":"default","site-sidebar-layout":"default","disable-article-header":"default","disable-site-header":"default","disable-site-footer":"default","disable-content-area-spacing":"default","footnotes":""},"class_list":["post-2","page","type-page","status-publish","hentry"],"aioseo_notices":[],"_links":{"self":[{"href":"https:\/\/olhar.me\/index.php\/wp-json\/wp\/v2\/pages\/2","targetHints":{"allow":["GET"]}}],"collection":[{"href":"https:\/\/olhar.me\/index.php\/wp-json\/wp\/v2\/pages"}],"about":[{"href":"https:\/\/olhar.me\/index.php\/wp-json\/wp\/v2\/types\/page"}],"author":[{"embeddable":true,"href":"https:\/\/olhar.me\/index.php\/wp-json\/wp\/v2\/users\/1"}],"replies":[{"embeddable":true,"href":"https:\/\/olhar.me\/index.php\/wp-json\/wp\/v2\/comments?post=2"}],"version-history":[{"count":1,"href":"https:\/\/olhar.me\/index.php\/wp-json\/wp\/v2\/pages\/2\/revisions"}],"predecessor-version":[{"id":20,"href":"https:\/\/olhar.me\/index.php\/wp-json\/wp\/v2\/pages\/2\/revisions\/20"}],"wp:attachment":[{"href":"https:\/\/olhar.me\/index.php\/wp-json\/wp\/v2\/media?parent=2"}],"curies":[{"name":"wp","href":"https:\/\/api.w.org\/{rel}","templated":true}]}}